{"id":36,"date":"2023-11-07T18:16:22","date_gmt":"2023-11-07T21:16:22","guid":{"rendered":"https:\/\/recall-em-foco.com.br\/?page_id=36"},"modified":"2024-04-01T20:26:04","modified_gmt":"2024-04-01T23:26:04","slug":"top-recalls","status":"publish","type":"page","link":"https:\/\/recall-em-foco.com.br\/?page_id=36","title":{"rendered":"Top Recalls"},"content":{"rendered":"\t\t<div data-elementor-type=\"wp-page\" data-elementor-id=\"36\" class=\"elementor elementor-36\">\n\t\t\t\t<div class=\"elementor-element elementor-element-9f55cb1 e-flex e-con-boxed e-con e-parent\" data-id=\"9f55cb1\" data-element_type=\"container\">\n\t\t\t\t\t<div class=\"e-con-inner\">\n\t\t\t\t<div class=\"elementor-element elementor-element-b351f1d elementor-widget elementor-widget-text-editor\" data-id=\"b351f1d\" data-element_type=\"widget\" data-widget_type=\"text-editor.default\">\n\t\t\t\t<div class=\"elementor-widget-container\">\n\t\t\t\t\t\t\t<h6><span style=\"color: #333333;\"><strong>Nas p\u00e1ginas abaixo listadas, que tamb\u00e9m podem ser acessadas pelos sub-menus, estaremos mostrando, em ordem cronol\u00f3gica, detalhes sobre\u00a0 recalls,\u00a0 escolhidos de acordo com tipos de defeitos, aspectos t\u00e9cnicos e volume envolvido (conforme exemplo), para que voc\u00ea leitor tenha uma boa id\u00e9ia das ocorr\u00eancias e potenciais consequ\u00ea<\/strong><\/span><span style=\"color: #333333;\"><strong>ncias.<\/strong><\/span><\/h6>\t\t\t\t\t\t<\/div>\n\t\t\t\t<\/div>\n\t\t\t\t\t<\/div>\n\t\t\t\t<\/div>\n\t\t<div class=\"elementor-element elementor-element-c29da67 e-flex e-con-boxed e-con e-parent\" data-id=\"c29da67\" data-element_type=\"container\">\n\t\t\t\t\t<div class=\"e-con-inner\">\n\t\t\t\t<div class=\"elementor-element elementor-element-beacc19 elementor-widget elementor-widget-image\" data-id=\"beacc19\" data-element_type=\"widget\" data-widget_type=\"image.default\">\n\t\t\t\t<div class=\"elementor-widget-container\">\n\t\t\t\t\t\t\t\t\t\t\t\t\t<img fetchpriority=\"high\" decoding=\"async\" width=\"1024\" height=\"791\" src=\"https:\/\/recall-em-foco.com.br\/wp-content\/uploads\/2024\/04\/Exemplo-de-display-1024x791.webp\" class=\"attachment-large size-large wp-image-718\" alt=\"\" srcset=\"https:\/\/recall-em-foco.com.br\/wp-content\/uploads\/2024\/04\/Exemplo-de-display-1024x791.webp 1024w, https:\/\/recall-em-foco.com.br\/wp-content\/uploads\/2024\/04\/Exemplo-de-display-300x232.webp 300w, https:\/\/recall-em-foco.com.br\/wp-content\/uploads\/2024\/04\/Exemplo-de-display-768x593.webp 768w, https:\/\/recall-em-foco.com.br\/wp-content\/uploads\/2024\/04\/Exemplo-de-display-1536x1187.webp 1536w, https:\/\/recall-em-foco.com.br\/wp-content\/uploads\/2024\/04\/Exemplo-de-display-2048x1583.webp 2048w\" sizes=\"(max-width: 1024px) 100vw, 1024px\" \/>\t\t\t\t\t\t\t\t\t\t\t\t\t<\/div>\n\t\t\t\t<\/div>\n\t\t\t\t\t<\/div>\n\t\t\t\t<\/div>\n\t\t<div class=\"elementor-element elementor-element-f08ec19 e-flex e-con-boxed e-con e-parent\" data-id=\"f08ec19\" data-element_type=\"container\">\n\t\t\t\t\t<div class=\"e-con-inner\">\n\t\t\t\t<div class=\"elementor-element elementor-element-29e5aa9 elementor-widget elementor-widget-text-editor\" data-id=\"29e5aa9\" data-element_type=\"widget\" data-widget_type=\"text-editor.default\">\n\t\t\t\t<div class=\"elementor-widget-container\">\n\t\t\t\t\t\t\t<h6><strong>Semanalmente, somente na ind\u00fastria automotiva, ocorrem algumas dezenas de recalls envolvendo milhares de ve\u00edculos. Acrescente-se a isso centenas de recalls de outros tipos de produtos cuja estat\u00edstica mostramos na p\u00e1gina &#8220;Recall em N\u00fameros&#8221;.<br \/><\/strong><\/h6><p><strong>Devido ao enorme volume de problemas de qualidade e, claro, \u00e0s nossas limita\u00e7\u00f5es de tempo e espa\u00e7o, \u00e9 que procuramos apresentar casos mais representativos. Ficamos tamb\u00e9m restritos \u00e0s informa\u00e7\u00f5es fornecidas pelos organismos oficiais de defesa ao consumidor, que nem sempre disp\u00f5e de todas informa\u00e7\u00f5es como as quantidades envolvidas ou descri\u00e7oes mais claras das falhas e\/ou causas.<\/strong><\/p><p>\u00a0<\/p>\t\t\t\t\t\t<\/div>\n\t\t\t\t<\/div>\n\t\t\t\t\t<\/div>\n\t\t\t\t<\/div>\n\t\t<div class=\"elementor-element elementor-element-ff3b3b7 e-flex e-con-boxed e-con e-parent\" data-id=\"ff3b3b7\" data-element_type=\"container\">\n\t\t\t\t\t<div class=\"e-con-inner\">\n\t\t\t\t<div class=\"elementor-element elementor-element-7a2561c elementor-widget elementor-widget-text-editor\" data-id=\"7a2561c\" data-element_type=\"widget\" data-widget_type=\"text-editor.default\">\n\t\t\t\t<div class=\"elementor-widget-container\">\n\t\t\t\t\t\t\t<p><strong>Acesse os displays de recalls clicando abaixo nas seguinte categorias:<br \/><\/strong><\/p><p><strong><a href=\"https:\/\/recall-em-foco.com.br\/?page_id=529\">CONTAMINA\u00c7\u00c3O<\/a> &#8211; envolve todos os tipos de mistura e erros de identifica\u00e7\u00e3o e rotula\u00e7\u00e3o.<\/strong><\/p><p><strong><a href=\"https:\/\/recall-em-foco.com.br\/?page_id=515\">EL\u00c9TRICA<\/a> &#8211; envolve falhas e problemas de natureza el\u00e9trica.<br \/><\/strong><\/p><p><strong><a href=\"https:\/\/recall-em-foco.com.br\/?page_id=527\">FABRICA\u00c7\u00c3O<\/a> &#8211; envolve todas as etapas de fabrica\u00e7\u00e3o, montagem e acabamento.<br \/><\/strong><\/p><p><strong><a href=\"https:\/\/recall-em-foco.com.br\/?page_id=536\">MANUSEIO<\/a> &#8211; envolve todos os processos de movimenta\u00e7\u00e3o de materiais e produtos.<br \/><\/strong><\/p><p><strong><a href=\"https:\/\/recall-em-foco.com.br\/?page_id=517\">PROCESSOS ESPECIAIS<\/a> &#8211; envolve processos espec\u00edficos como solda, tratamento t\u00e9rmico, retrabalho.<br \/><\/strong><\/p><p><strong><a href=\"https:\/\/recall-em-foco.com.br\/?page_id=543\">PROJETO<\/a> &#8211; envolve todas as falhas originadas na concep\u00e7\u00e3o e projeto do produto.<br \/><\/strong><\/p><p><strong><a href=\"https:\/\/recall-em-foco.com.br\/?page_id=531\">SOFTWARE<\/a> &#8211; envolve todas as falhas originadas em softwares acoplados ao produto ou utilizados no processo de fabrica\u00e7\u00e3o.<br \/><\/strong><\/p>\t\t\t\t\t\t<\/div>\n\t\t\t\t<\/div>\n\t\t\t\t\t<\/div>\n\t\t\t\t<\/div>\n\t\t<div class=\"elementor-element elementor-element-c2128db e-flex e-con-boxed e-con e-parent\" data-id=\"c2128db\" data-element_type=\"container\">\n\t\t\t\t\t<div class=\"e-con-inner\">\n\t\t\t\t<div class=\"elementor-element elementor-element-55d2cfd elementor-widget elementor-widget-image\" data-id=\"55d2cfd\" data-element_type=\"widget\" data-widget_type=\"image.default\">\n\t\t\t\t<div class=\"elementor-widget-container\">\n\t\t\t\t\t\t\t\t\t\t\t\t\t\t<a href=\"https:\/\/proqualitybr.com\">\n\t\t\t\t\t\t\t<img decoding=\"async\" width=\"1024\" height=\"279\" src=\"https:\/\/recall-em-foco.com.br\/wp-content\/uploads\/2024\/01\/pqa-prevenir-1-1024x279.webp\" class=\"attachment-large size-large wp-image-365\" alt=\"\" srcset=\"https:\/\/recall-em-foco.com.br\/wp-content\/uploads\/2024\/01\/pqa-prevenir-1-1024x279.webp 1024w, https:\/\/recall-em-foco.com.br\/wp-content\/uploads\/2024\/01\/pqa-prevenir-1-300x82.webp 300w, https:\/\/recall-em-foco.com.br\/wp-content\/uploads\/2024\/01\/pqa-prevenir-1-768x209.webp 768w, https:\/\/recall-em-foco.com.br\/wp-content\/uploads\/2024\/01\/pqa-prevenir-1-1536x418.webp 1536w, https:\/\/recall-em-foco.com.br\/wp-content\/uploads\/2024\/01\/pqa-prevenir-1.webp 1980w\" sizes=\"(max-width: 1024px) 100vw, 1024px\" \/>\t\t\t\t\t\t\t\t<\/a>\n\t\t\t\t\t\t\t\t\t\t\t\t\t<\/div>\n\t\t\t\t<\/div>\n\t\t\t\t\t<\/div>\n\t\t\t\t<\/div>\n\t\t\t\t<\/div>\n\t\t","protected":false},"excerpt":{"rendered":"<p>Nas p\u00e1ginas abaixo listadas, que tamb\u00e9m podem ser acessadas pelos sub-menus, estaremos mostrando, em ordem cronol\u00f3gica, detalhes sobre\u00a0 recalls,\u00a0 escolhidos de acordo com tipos de defeitos, aspectos t\u00e9cnicos e volume envolvido (conforme exemplo), para que voc\u00ea leitor tenha uma boa id\u00e9ia das ocorr\u00eancias e potenciais consequ\u00eancias. Semanalmente, somente na ind\u00fastria automotiva, ocorrem algumas dezenas de &#8230; <a title=\"Top Recalls\" class=\"read-more\" href=\"https:\/\/recall-em-foco.com.br\/?page_id=36\" aria-label=\"Read more about Top Recalls\">Ler mais<\/a><\/p>\n","protected":false},"author":1,"featured_media":0,"parent":0,"menu_order":0,"comment_status":"closed","ping_status":"closed","template":"","meta":{"footnotes":""},"class_list":["post-36","page","type-page","status-publish"],"yoast_head":"<!-- This site is optimized with the Yoast SEO plugin v23.5 - https:\/\/yoast.com\/wordpress\/plugins\/seo\/ -->\n<title>Top Recalls - Recall em Foco<\/title>\n<meta name=\"robots\" content=\"index, follow, max-snippet:-1, max-image-preview:large, max-video-preview:-1\" \/>\n<link rel=\"canonical\" href=\"https:\/\/recall-em-foco.com.br\/?page_id=36\" \/>\n<meta property=\"og:locale\" content=\"pt_BR\" \/>\n<meta property=\"og:type\" content=\"article\" \/>\n<meta property=\"og:title\" content=\"Top Recalls - Recall em Foco\" \/>\n<meta property=\"og:description\" content=\"Nas p\u00e1ginas abaixo listadas, que tamb\u00e9m podem ser acessadas pelos sub-menus, estaremos mostrando, em ordem cronol\u00f3gica, detalhes sobre\u00a0 recalls,\u00a0 escolhidos de acordo com tipos de defeitos, aspectos t\u00e9cnicos e volume envolvido (conforme exemplo), para que voc\u00ea leitor tenha uma boa id\u00e9ia das ocorr\u00eancias e potenciais consequ\u00eancias. Semanalmente, somente na ind\u00fastria automotiva, ocorrem algumas dezenas de ... Ler mais\" \/>\n<meta property=\"og:url\" content=\"https:\/\/recall-em-foco.com.br\/?page_id=36\" \/>\n<meta property=\"og:site_name\" content=\"Recall em Foco\" \/>\n<meta property=\"article:modified_time\" content=\"2024-04-01T23:26:04+00:00\" \/>\n<meta property=\"og:image\" content=\"http:\/\/recall-em-foco.com.br\/wp-content\/uploads\/2024\/04\/Exemplo-de-display-1024x791.webp\" \/>\n<meta name=\"twitter:card\" content=\"summary_large_image\" \/>\n<meta name=\"twitter:label1\" content=\"Est. tempo de leitura\" \/>\n\t<meta name=\"twitter:data1\" content=\"2 minutos\" \/>\n<script type=\"application\/ld+json\" class=\"yoast-schema-graph\">{\"@context\":\"https:\/\/schema.org\",\"@graph\":[{\"@type\":\"WebPage\",\"@id\":\"https:\/\/recall-em-foco.com.br\/?page_id=36\",\"url\":\"https:\/\/recall-em-foco.com.br\/?page_id=36\",\"name\":\"Top Recalls - Recall em Foco\",\"isPartOf\":{\"@id\":\"https:\/\/recall-em-foco.com.br\/#website\"},\"primaryImageOfPage\":{\"@id\":\"https:\/\/recall-em-foco.com.br\/?page_id=36#primaryimage\"},\"image\":{\"@id\":\"https:\/\/recall-em-foco.com.br\/?page_id=36#primaryimage\"},\"thumbnailUrl\":\"http:\/\/recall-em-foco.com.br\/wp-content\/uploads\/2024\/04\/Exemplo-de-display-1024x791.webp\",\"datePublished\":\"2023-11-07T21:16:22+00:00\",\"dateModified\":\"2024-04-01T23:26:04+00:00\",\"breadcrumb\":{\"@id\":\"https:\/\/recall-em-foco.com.br\/?page_id=36#breadcrumb\"},\"inLanguage\":\"pt-BR\",\"potentialAction\":[{\"@type\":\"ReadAction\",\"target\":[\"https:\/\/recall-em-foco.com.br\/?page_id=36\"]}]},{\"@type\":\"ImageObject\",\"inLanguage\":\"pt-BR\",\"@id\":\"https:\/\/recall-em-foco.com.br\/?page_id=36#primaryimage\",\"url\":\"https:\/\/recall-em-foco.com.br\/wp-content\/uploads\/2024\/04\/Exemplo-de-display-scaled.webp\",\"contentUrl\":\"https:\/\/recall-em-foco.com.br\/wp-content\/uploads\/2024\/04\/Exemplo-de-display-scaled.webp\",\"width\":2560,\"height\":1978},{\"@type\":\"BreadcrumbList\",\"@id\":\"https:\/\/recall-em-foco.com.br\/?page_id=36#breadcrumb\",\"itemListElement\":[{\"@type\":\"ListItem\",\"position\":1,\"name\":\"In\u00edcio\",\"item\":\"https:\/\/recall-em-foco.com.br\/\"},{\"@type\":\"ListItem\",\"position\":2,\"name\":\"Top Recalls\"}]},{\"@type\":\"WebSite\",\"@id\":\"https:\/\/recall-em-foco.com.br\/#website\",\"url\":\"https:\/\/recall-em-foco.com.br\/\",\"name\":\"Recall em Foco\",\"description\":\"O Blog do Recall\",\"publisher\":{\"@id\":\"https:\/\/recall-em-foco.com.br\/#organization\"},\"potentialAction\":[{\"@type\":\"SearchAction\",\"target\":{\"@type\":\"EntryPoint\",\"urlTemplate\":\"https:\/\/recall-em-foco.com.br\/?s={search_term_string}\"},\"query-input\":{\"@type\":\"PropertyValueSpecification\",\"valueRequired\":true,\"valueName\":\"search_term_string\"}}],\"inLanguage\":\"pt-BR\"},{\"@type\":\"Organization\",\"@id\":\"https:\/\/recall-em-foco.com.br\/#organization\",\"name\":\"Recall em Foco\",\"url\":\"https:\/\/recall-em-foco.com.br\/\",\"logo\":{\"@type\":\"ImageObject\",\"inLanguage\":\"pt-BR\",\"@id\":\"https:\/\/recall-em-foco.com.br\/#\/schema\/logo\/image\/\",\"url\":\"https:\/\/recall-em-foco.com.br\/wp-content\/uploads\/2023\/11\/cropped-cropped-logo-recallemfoco.webp\",\"contentUrl\":\"https:\/\/recall-em-foco.com.br\/wp-content\/uploads\/2023\/11\/cropped-cropped-logo-recallemfoco.webp\",\"width\":1935,\"height\":325,\"caption\":\"Recall em Foco\"},\"image\":{\"@id\":\"https:\/\/recall-em-foco.com.br\/#\/schema\/logo\/image\/\"}}]}<\/script>\n<!-- \/ Yoast SEO plugin. -->","yoast_head_json":{"title":"Top Recalls - Recall em Foco","robots":{"index":"index","follow":"follow","max-snippet":"max-snippet:-1","max-image-preview":"max-image-preview:large","max-video-preview":"max-video-preview:-1"},"canonical":"https:\/\/recall-em-foco.com.br\/?page_id=36","og_locale":"pt_BR","og_type":"article","og_title":"Top Recalls - Recall em Foco","og_description":"Nas p\u00e1ginas abaixo listadas, que tamb\u00e9m podem ser acessadas pelos sub-menus, estaremos mostrando, em ordem cronol\u00f3gica, detalhes sobre\u00a0 recalls,\u00a0 escolhidos de acordo com tipos de defeitos, aspectos t\u00e9cnicos e volume envolvido (conforme exemplo), para que voc\u00ea leitor tenha uma boa id\u00e9ia das ocorr\u00eancias e potenciais consequ\u00eancias. Semanalmente, somente na ind\u00fastria automotiva, ocorrem algumas dezenas de ... Ler mais","og_url":"https:\/\/recall-em-foco.com.br\/?page_id=36","og_site_name":"Recall em Foco","article_modified_time":"2024-04-01T23:26:04+00:00","og_image":[{"url":"http:\/\/recall-em-foco.com.br\/wp-content\/uploads\/2024\/04\/Exemplo-de-display-1024x791.webp"}],"twitter_card":"summary_large_image","twitter_misc":{"Est. tempo de leitura":"2 minutos"},"schema":{"@context":"https:\/\/schema.org","@graph":[{"@type":"WebPage","@id":"https:\/\/recall-em-foco.com.br\/?page_id=36","url":"https:\/\/recall-em-foco.com.br\/?page_id=36","name":"Top Recalls - Recall em Foco","isPartOf":{"@id":"https:\/\/recall-em-foco.com.br\/#website"},"primaryImageOfPage":{"@id":"https:\/\/recall-em-foco.com.br\/?page_id=36#primaryimage"},"image":{"@id":"https:\/\/recall-em-foco.com.br\/?page_id=36#primaryimage"},"thumbnailUrl":"http:\/\/recall-em-foco.com.br\/wp-content\/uploads\/2024\/04\/Exemplo-de-display-1024x791.webp","datePublished":"2023-11-07T21:16:22+00:00","dateModified":"2024-04-01T23:26:04+00:00","breadcrumb":{"@id":"https:\/\/recall-em-foco.com.br\/?page_id=36#breadcrumb"},"inLanguage":"pt-BR","potentialAction":[{"@type":"ReadAction","target":["https:\/\/recall-em-foco.com.br\/?page_id=36"]}]},{"@type":"ImageObject","inLanguage":"pt-BR","@id":"https:\/\/recall-em-foco.com.br\/?page_id=36#primaryimage","url":"https:\/\/recall-em-foco.com.br\/wp-content\/uploads\/2024\/04\/Exemplo-de-display-scaled.webp","contentUrl":"https:\/\/recall-em-foco.com.br\/wp-content\/uploads\/2024\/04\/Exemplo-de-display-scaled.webp","width":2560,"height":1978},{"@type":"BreadcrumbList","@id":"https:\/\/recall-em-foco.com.br\/?page_id=36#breadcrumb","itemListElement":[{"@type":"ListItem","position":1,"name":"In\u00edcio","item":"https:\/\/recall-em-foco.com.br\/"},{"@type":"ListItem","position":2,"name":"Top Recalls"}]},{"@type":"WebSite","@id":"https:\/\/recall-em-foco.com.br\/#website","url":"https:\/\/recall-em-foco.com.br\/","name":"Recall em Foco","description":"O Blog do Recall","publisher":{"@id":"https:\/\/recall-em-foco.com.br\/#organization"},"potentialAction":[{"@type":"SearchAction","target":{"@type":"EntryPoint","urlTemplate":"https:\/\/recall-em-foco.com.br\/?s={search_term_string}"},"query-input":{"@type":"PropertyValueSpecification","valueRequired":true,"valueName":"search_term_string"}}],"inLanguage":"pt-BR"},{"@type":"Organization","@id":"https:\/\/recall-em-foco.com.br\/#organization","name":"Recall em Foco","url":"https:\/\/recall-em-foco.com.br\/","logo":{"@type":"ImageObject","inLanguage":"pt-BR","@id":"https:\/\/recall-em-foco.com.br\/#\/schema\/logo\/image\/","url":"https:\/\/recall-em-foco.com.br\/wp-content\/uploads\/2023\/11\/cropped-cropped-logo-recallemfoco.webp","contentUrl":"https:\/\/recall-em-foco.com.br\/wp-content\/uploads\/2023\/11\/cropped-cropped-logo-recallemfoco.webp","width":1935,"height":325,"caption":"Recall em Foco"},"image":{"@id":"https:\/\/recall-em-foco.com.br\/#\/schema\/logo\/image\/"}}]}},"_links":{"self":[{"href":"https:\/\/recall-em-foco.com.br\/index.php?rest_route=\/wp\/v2\/pages\/36"}],"collection":[{"href":"https:\/\/recall-em-foco.com.br\/index.php?rest_route=\/wp\/v2\/pages"}],"about":[{"href":"https:\/\/recall-em-foco.com.br\/index.php?rest_route=\/wp\/v2\/types\/page"}],"author":[{"embeddable":true,"href":"https:\/\/recall-em-foco.com.br\/index.php?rest_route=\/wp\/v2\/users\/1"}],"replies":[{"embeddable":true,"href":"https:\/\/recall-em-foco.com.br\/index.php?rest_route=%2Fwp%2Fv2%2Fcomments&post=36"}],"version-history":[{"count":162,"href":"https:\/\/recall-em-foco.com.br\/index.php?rest_route=\/wp\/v2\/pages\/36\/revisions"}],"predecessor-version":[{"id":761,"href":"https:\/\/recall-em-foco.com.br\/index.php?rest_route=\/wp\/v2\/pages\/36\/revisions\/761"}],"wp:attachment":[{"href":"https:\/\/recall-em-foco.com.br\/index.php?rest_route=%2Fwp%2Fv2%2Fmedia&parent=36"}],"curies":[{"name":"wp","href":"https:\/\/api.w.org\/{rel}","templated":true}]}}