{"id":38,"date":"2023-11-07T18:16:57","date_gmt":"2023-11-07T21:16:57","guid":{"rendered":"https:\/\/recall-em-foco.com.br\/?page_id=38"},"modified":"2024-01-29T17:06:40","modified_gmt":"2024-01-29T20:06:40","slug":"recalls-em-numeros","status":"publish","type":"page","link":"https:\/\/recall-em-foco.com.br\/?page_id=38","title":{"rendered":"Recall em N\u00fameros"},"content":{"rendered":"\t\t<div data-elementor-type=\"wp-page\" data-elementor-id=\"38\" class=\"elementor elementor-38\">\n\t\t\t\t<div class=\"elementor-element elementor-element-6884963 e-flex e-con-boxed e-con e-parent\" data-id=\"6884963\" data-element_type=\"container\">\n\t\t\t\t\t<div class=\"e-con-inner\">\n\t\t\t\t<div class=\"elementor-element elementor-element-3b0e1df elementor-widget elementor-widget-text-editor\" data-id=\"3b0e1df\" data-element_type=\"widget\" data-widget_type=\"text-editor.default\">\n\t\t\t\t<div class=\"elementor-widget-container\">\n\t\t\t\t\t\t\t<!-- wp:paragraph -->\n<p><strong><span style=\"color: #333333;\">Aqui voc\u00ea pode verificar os dados relacionados com o desempenho e tend\u00eancias dos recalls.<\/span><\/strong><\/p>\n<p><span style=\"color: #333333;\">Os resultados fornecidos abaixo foram compilados a partir de informa\u00e7\u00f5es obtidas de organiza\u00e7\u00f5es confi\u00e1veis como o OECD (Internacional), Procon (Brasil), NHTSA (EUA), Safety Gate (EU), Japan Inspection Organization (Jap\u00e3o), Korea Transportation Safety Authority (Coreia do Sul), ACCP (Sudeste da \u00c1sia), Society of Indian Automobile Manufacturers (India).<br \/><\/span><\/p>\n<p><span style=\"color: #333333;\">Trata-se de um sistema de informa\u00e7\u00f5es volunt\u00e1rias, no qual organiza\u00e7\u00f5es p\u00fablicas ou privadas enviam seus dados de acordo com crit\u00e9rios pr\u00f3prios. Assim sendo, os n\u00fameros apresentados est\u00e3o sujeitos a incertezas de diferentes origens.<\/span><\/p>\n<p><span style=\"color: #333333;\">Lembrando que cada recall pode representar algumas dezenas ou milh\u00f5es de unidades e apresentar perdas que podem atingir dezenas de milh\u00f5es de d\u00f3lares.<br \/><\/span><\/p>\n<!-- \/wp:paragraph --><!-- wp:paragraph --><!-- \/wp:paragraph --><!-- wp:paragraph --><!-- \/wp:paragraph --><!-- wp:paragraph --><!-- \/wp:paragraph -->\t\t\t\t\t\t<\/div>\n\t\t\t\t<\/div>\n\t\t\t\t\t<\/div>\n\t\t\t\t<\/div>\n\t\t<div class=\"elementor-element elementor-element-650a429 e-flex e-con-boxed e-con e-parent\" data-id=\"650a429\" data-element_type=\"container\">\n\t\t\t\t\t<div class=\"e-con-inner\">\n\t\t\t\t<div class=\"elementor-element elementor-element-0c6d701 elementor-widget elementor-widget-text-editor\" data-id=\"0c6d701\" data-element_type=\"widget\" data-widget_type=\"text-editor.default\">\n\t\t\t\t<div class=\"elementor-widget-container\">\n\t\t\t\t\t\t\t<p><strong><span style=\"color: #333333;\">O gr\u00e1fico abaixo mostra o desempenho sofr\u00edvel da industria automotiva global, em uma compila\u00e7\u00e3o que inclui o recalls de veiculos nos EUA, Uni\u00e3o Europeia, Brasil, Jap\u00e3o, India e Coreia do Sul. N\u00e3o inclui importantes produtores como a China. M\u00e9dia de 5.4 recalls por dia em 2023!<br \/><\/span><\/strong><\/p>\t\t\t\t\t\t<\/div>\n\t\t\t\t<\/div>\n\t\t\t\t\t<\/div>\n\t\t\t\t<\/div>\n\t\t<div class=\"elementor-element elementor-element-d6a7e3d e-flex e-con-boxed e-con e-parent\" data-id=\"d6a7e3d\" data-element_type=\"container\">\n\t\t\t\t\t<div class=\"e-con-inner\">\n\t\t\t\t<div class=\"elementor-element elementor-element-dd8fee9 elementor-widget elementor-widget-image\" data-id=\"dd8fee9\" data-element_type=\"widget\" data-widget_type=\"image.default\">\n\t\t\t\t<div class=\"elementor-widget-container\">\n\t\t\t\t\t\t\t\t\t\t\t\t\t<img fetchpriority=\"high\" decoding=\"async\" width=\"704\" height=\"524\" src=\"https:\/\/recall-em-foco.com.br\/wp-content\/uploads\/2024\/01\/Recalls-PQGlobal-Veiculos-1.png\" class=\"attachment-large size-large wp-image-400\" alt=\"\" srcset=\"https:\/\/recall-em-foco.com.br\/wp-content\/uploads\/2024\/01\/Recalls-PQGlobal-Veiculos-1.png 704w, https:\/\/recall-em-foco.com.br\/wp-content\/uploads\/2024\/01\/Recalls-PQGlobal-Veiculos-1-300x223.png 300w\" sizes=\"(max-width: 704px) 100vw, 704px\" \/>\t\t\t\t\t\t\t\t\t\t\t\t\t<\/div>\n\t\t\t\t<\/div>\n\t\t\t\t\t<\/div>\n\t\t\t\t<\/div>\n\t\t<div class=\"elementor-element elementor-element-1c37789 e-flex e-con-boxed e-con e-parent\" data-id=\"1c37789\" data-element_type=\"container\">\n\t\t\t\t\t<div class=\"e-con-inner\">\n\t\t\t\t<div class=\"elementor-element elementor-element-cfcb3f3 elementor-widget elementor-widget-image\" data-id=\"cfcb3f3\" data-element_type=\"widget\" data-widget_type=\"image.default\">\n\t\t\t\t<div class=\"elementor-widget-container\">\n\t\t\t\t\t\t\t\t\t\t\t\t\t\t<a href=\"https:\/\/proqualitybr.com\">\n\t\t\t\t\t\t\t<img decoding=\"async\" width=\"1024\" height=\"181\" src=\"https:\/\/recall-em-foco.com.br\/wp-content\/uploads\/2024\/01\/pqa-melhoria-1024x181.webp\" class=\"attachment-large size-large wp-image-380\" alt=\"\" srcset=\"https:\/\/recall-em-foco.com.br\/wp-content\/uploads\/2024\/01\/pqa-melhoria-1024x181.webp 1024w, https:\/\/recall-em-foco.com.br\/wp-content\/uploads\/2024\/01\/pqa-melhoria-300x53.webp 300w, https:\/\/recall-em-foco.com.br\/wp-content\/uploads\/2024\/01\/pqa-melhoria-768x136.webp 768w, https:\/\/recall-em-foco.com.br\/wp-content\/uploads\/2024\/01\/pqa-melhoria-1536x272.webp 1536w, https:\/\/recall-em-foco.com.br\/wp-content\/uploads\/2024\/01\/pqa-melhoria.webp 1970w\" sizes=\"(max-width: 1024px) 100vw, 1024px\" \/>\t\t\t\t\t\t\t\t<\/a>\n\t\t\t\t\t\t\t\t\t\t\t\t\t<\/div>\n\t\t\t\t<\/div>\n\t\t\t\t\t<\/div>\n\t\t\t\t<\/div>\n\t\t<div class=\"elementor-element elementor-element-dbd32c8 e-flex e-con-boxed e-con e-parent\" data-id=\"dbd32c8\" data-element_type=\"container\">\n\t\t\t\t\t<div class=\"e-con-inner\">\n\t\t\t\t<div class=\"elementor-element elementor-element-13e6c67 elementor-widget elementor-widget-text-editor\" data-id=\"13e6c67\" data-element_type=\"widget\" data-widget_type=\"text-editor.default\">\n\t\t\t\t<div class=\"elementor-widget-container\">\n\t\t\t\t\t\t\t<p><strong><span style=\"color: #333333;\">O desempenho do setor produtor de jogos e brinquedos \u00e9 mostrado no gr\u00e1fico abaixo, conforme dados fornecidos pela OECD (Organization for Economic Co-Operation and Development). Notar uma tendencia favoravel no per\u00edodo da pandemia e p\u00f3s-pand\u00eamico.<\/span><\/strong><\/p>\t\t\t\t\t\t<\/div>\n\t\t\t\t<\/div>\n\t\t\t\t\t<\/div>\n\t\t\t\t<\/div>\n\t\t<div class=\"elementor-element elementor-element-21d0211 e-flex e-con-boxed e-con e-parent\" data-id=\"21d0211\" data-element_type=\"container\">\n\t\t\t\t\t<div class=\"e-con-inner\">\n\t\t\t\t<div class=\"elementor-element elementor-element-8ffa9a6 elementor-widget elementor-widget-image\" data-id=\"8ffa9a6\" data-element_type=\"widget\" data-widget_type=\"image.default\">\n\t\t\t\t<div class=\"elementor-widget-container\">\n\t\t\t\t\t\t\t\t\t\t\t\t\t<img decoding=\"async\" width=\"704\" height=\"524\" src=\"https:\/\/recall-em-foco.com.br\/wp-content\/uploads\/2024\/01\/Recalls-OECD-Jogos.png\" class=\"attachment-large size-large wp-image-305\" alt=\"\" srcset=\"https:\/\/recall-em-foco.com.br\/wp-content\/uploads\/2024\/01\/Recalls-OECD-Jogos.png 704w, https:\/\/recall-em-foco.com.br\/wp-content\/uploads\/2024\/01\/Recalls-OECD-Jogos-300x223.png 300w\" sizes=\"(max-width: 704px) 100vw, 704px\" \/>\t\t\t\t\t\t\t\t\t\t\t\t\t<\/div>\n\t\t\t\t<\/div>\n\t\t\t\t\t<\/div>\n\t\t\t\t<\/div>\n\t\t<div class=\"elementor-element elementor-element-922c1ef e-flex e-con-boxed e-con e-parent\" data-id=\"922c1ef\" data-element_type=\"container\">\n\t\t\t\t\t<div class=\"e-con-inner\">\n\t\t\t\t<div class=\"elementor-element elementor-element-ecad6a9 elementor-widget elementor-widget-text-editor\" data-id=\"ecad6a9\" data-element_type=\"widget\" data-widget_type=\"text-editor.default\">\n\t\t\t\t<div class=\"elementor-widget-container\">\n\t\t\t\t\t\t\t<p><strong><span style=\"color: #333333;\">Produtos el\u00e9tricos e eletr\u00f4nicos tem seu desempenho de recalls apontando para um novo crescimento a partir do in\u00edcio da pandemia, conforme mostrado no gr\u00e1fico abaixo (Dados fornecidos pela OECD).<\/span> <\/strong><\/p>\t\t\t\t\t\t<\/div>\n\t\t\t\t<\/div>\n\t\t\t\t\t<\/div>\n\t\t\t\t<\/div>\n\t\t<div class=\"elementor-element elementor-element-2c2af32 e-flex e-con-boxed e-con e-parent\" data-id=\"2c2af32\" data-element_type=\"container\">\n\t\t\t\t\t<div class=\"e-con-inner\">\n\t\t\t\t<div class=\"elementor-element elementor-element-3ed1bc9 elementor-widget elementor-widget-image\" data-id=\"3ed1bc9\" data-element_type=\"widget\" data-widget_type=\"image.default\">\n\t\t\t\t<div class=\"elementor-widget-container\">\n\t\t\t\t\t\t\t\t\t\t\t\t\t<img loading=\"lazy\" decoding=\"async\" width=\"704\" height=\"524\" src=\"https:\/\/recall-em-foco.com.br\/wp-content\/uploads\/2024\/01\/Recalls-OECD-Eletr.png\" class=\"attachment-large size-large wp-image-306\" alt=\"\" srcset=\"https:\/\/recall-em-foco.com.br\/wp-content\/uploads\/2024\/01\/Recalls-OECD-Eletr.png 704w, https:\/\/recall-em-foco.com.br\/wp-content\/uploads\/2024\/01\/Recalls-OECD-Eletr-300x223.png 300w\" sizes=\"(max-width: 704px) 100vw, 704px\" \/>\t\t\t\t\t\t\t\t\t\t\t\t\t<\/div>\n\t\t\t\t<\/div>\n\t\t\t\t\t<\/div>\n\t\t\t\t<\/div>\n\t\t<div class=\"elementor-element elementor-element-5a80560 e-flex e-con-boxed e-con e-parent\" data-id=\"5a80560\" data-element_type=\"container\">\n\t\t\t\t\t<div class=\"e-con-inner\">\n\t\t\t\t<div class=\"elementor-element elementor-element-62b2612 elementor-widget elementor-widget-text-editor\" data-id=\"62b2612\" data-element_type=\"widget\" data-widget_type=\"text-editor.default\">\n\t\t\t\t<div class=\"elementor-widget-container\">\n\t\t\t\t\t\t\t<p><strong><span style=\"color: #333333;\">O setor de roupas, que inclue todo o tipo de vestimentas pessoais, alcan\u00e7ou em 2023 uma taxa de recalls similar ao periodo pr\u00e9-pandemia, conforme gr\u00e1fico abaixo com dados fornecidos pela OECD.<\/span><\/strong><\/p>\t\t\t\t\t\t<\/div>\n\t\t\t\t<\/div>\n\t\t\t\t\t<\/div>\n\t\t\t\t<\/div>\n\t\t<div class=\"elementor-element elementor-element-1cce676 e-flex e-con-boxed e-con e-parent\" data-id=\"1cce676\" data-element_type=\"container\">\n\t\t\t\t\t<div class=\"e-con-inner\">\n\t\t\t\t<div class=\"elementor-element elementor-element-7a35557 elementor-widget elementor-widget-image\" data-id=\"7a35557\" data-element_type=\"widget\" data-widget_type=\"image.default\">\n\t\t\t\t<div class=\"elementor-widget-container\">\n\t\t\t\t\t\t\t\t\t\t\t\t\t<img loading=\"lazy\" decoding=\"async\" width=\"704\" height=\"524\" src=\"https:\/\/recall-em-foco.com.br\/wp-content\/uploads\/2024\/01\/Recalls-OECD-Roupas.png\" class=\"attachment-large size-large wp-image-303\" alt=\"\" srcset=\"https:\/\/recall-em-foco.com.br\/wp-content\/uploads\/2024\/01\/Recalls-OECD-Roupas.png 704w, https:\/\/recall-em-foco.com.br\/wp-content\/uploads\/2024\/01\/Recalls-OECD-Roupas-300x223.png 300w\" sizes=\"(max-width: 704px) 100vw, 704px\" \/>\t\t\t\t\t\t\t\t\t\t\t\t\t<\/div>\n\t\t\t\t<\/div>\n\t\t\t\t\t<\/div>\n\t\t\t\t<\/div>\n\t\t<div class=\"elementor-element elementor-element-f783f9d e-flex e-con-boxed e-con e-parent\" data-id=\"f783f9d\" data-element_type=\"container\">\n\t\t\t\t\t<div class=\"e-con-inner\">\n\t\t\t\t<div class=\"elementor-element elementor-element-2322dc0 elementor-widget elementor-widget-text-editor\" data-id=\"2322dc0\" data-element_type=\"widget\" data-widget_type=\"text-editor.default\">\n\t\t\t\t<div class=\"elementor-widget-container\">\n\t\t\t\t\t\t\t<p><strong><span style=\"color: #333333;\">O gr\u00e1fico abaixo inclui o desempenho do setor que inclui produtos de beleza, cosm\u00e9ticos e higiene pessoal. Observa-se um crescimento exponencial de recalls nos ultimos 3 anos. Dados fornecidos pela OECD<\/span><\/strong><\/p>\t\t\t\t\t\t<\/div>\n\t\t\t\t<\/div>\n\t\t\t\t\t<\/div>\n\t\t\t\t<\/div>\n\t\t<div class=\"elementor-element elementor-element-9009235 e-flex e-con-boxed e-con e-parent\" data-id=\"9009235\" data-element_type=\"container\">\n\t\t\t\t\t<div class=\"e-con-inner\">\n\t\t\t\t<div class=\"elementor-element elementor-element-ae6256d elementor-widget elementor-widget-image\" data-id=\"ae6256d\" data-element_type=\"widget\" data-widget_type=\"image.default\">\n\t\t\t\t<div class=\"elementor-widget-container\">\n\t\t\t\t\t\t\t\t\t\t\t\t\t<img loading=\"lazy\" decoding=\"async\" width=\"704\" height=\"524\" src=\"https:\/\/recall-em-foco.com.br\/wp-content\/uploads\/2024\/01\/Recalls-OECD-Cosmeticos.png\" class=\"attachment-large size-large wp-image-307\" alt=\"\" srcset=\"https:\/\/recall-em-foco.com.br\/wp-content\/uploads\/2024\/01\/Recalls-OECD-Cosmeticos.png 704w, https:\/\/recall-em-foco.com.br\/wp-content\/uploads\/2024\/01\/Recalls-OECD-Cosmeticos-300x223.png 300w\" sizes=\"(max-width: 704px) 100vw, 704px\" \/>\t\t\t\t\t\t\t\t\t\t\t\t\t<\/div>\n\t\t\t\t<\/div>\n\t\t\t\t\t<\/div>\n\t\t\t\t<\/div>\n\t\t<div class=\"elementor-element elementor-element-22e65cf e-flex e-con-boxed e-con e-parent\" data-id=\"22e65cf\" data-element_type=\"container\">\n\t\t\t\t\t<div class=\"e-con-inner\">\n\t\t\t\t<div class=\"elementor-element elementor-element-cc3e7fc elementor-widget elementor-widget-image\" data-id=\"cc3e7fc\" data-element_type=\"widget\" data-widget_type=\"image.default\">\n\t\t\t\t<div class=\"elementor-widget-container\">\n\t\t\t\t\t\t\t\t\t\t\t\t\t<img loading=\"lazy\" decoding=\"async\" width=\"1024\" height=\"297\" src=\"https:\/\/recall-em-foco.com.br\/wp-content\/uploads\/2024\/01\/pqa-recall-1024x297.webp\" class=\"attachment-large size-large wp-image-357\" alt=\"\" srcset=\"https:\/\/recall-em-foco.com.br\/wp-content\/uploads\/2024\/01\/pqa-recall-1024x297.webp 1024w, https:\/\/recall-em-foco.com.br\/wp-content\/uploads\/2024\/01\/pqa-recall-300x87.webp 300w, https:\/\/recall-em-foco.com.br\/wp-content\/uploads\/2024\/01\/pqa-recall-768x222.webp 768w, https:\/\/recall-em-foco.com.br\/wp-content\/uploads\/2024\/01\/pqa-recall-1536x445.webp 1536w, https:\/\/recall-em-foco.com.br\/wp-content\/uploads\/2024\/01\/pqa-recall.webp 1906w\" sizes=\"(max-width: 1024px) 100vw, 1024px\" \/>\t\t\t\t\t\t\t\t\t\t\t\t\t<\/div>\n\t\t\t\t<\/div>\n\t\t\t\t\t<\/div>\n\t\t\t\t<\/div>\n\t\t\t\t<\/div>\n\t\t","protected":false},"excerpt":{"rendered":"<p>Aqui voc\u00ea pode verificar os dados relacionados com o desempenho e tend\u00eancias dos recalls. Os resultados fornecidos abaixo foram compilados a partir de informa\u00e7\u00f5es obtidas de organiza\u00e7\u00f5es confi\u00e1veis como o OECD (Internacional), Procon (Brasil), NHTSA (EUA), Safety Gate (EU), Japan Inspection Organization (Jap\u00e3o), Korea Transportation Safety Authority (Coreia do Sul), ACCP (Sudeste da \u00c1sia), Society &#8230; <a title=\"Recall em N\u00fameros\" class=\"read-more\" href=\"https:\/\/recall-em-foco.com.br\/?page_id=38\" aria-label=\"Read more about Recall em N\u00fameros\">Ler mais<\/a><\/p>\n","protected":false},"author":1,"featured_media":0,"parent":0,"menu_order":0,"comment_status":"closed","ping_status":"closed","template":"","meta":{"footnotes":""},"class_list":["post-38","page","type-page","status-publish"],"yoast_head":"<!-- This site is optimized with the Yoast SEO plugin v23.5 - https:\/\/yoast.com\/wordpress\/plugins\/seo\/ -->\n<title>Recall em N\u00fameros - Recall em Foco<\/title>\n<meta name=\"robots\" content=\"index, follow, max-snippet:-1, max-image-preview:large, max-video-preview:-1\" \/>\n<link rel=\"canonical\" href=\"https:\/\/recall-em-foco.com.br\/?page_id=38\" \/>\n<meta property=\"og:locale\" content=\"pt_BR\" \/>\n<meta property=\"og:type\" content=\"article\" \/>\n<meta property=\"og:title\" content=\"Recall em N\u00fameros - Recall em Foco\" \/>\n<meta property=\"og:description\" content=\"Aqui voc\u00ea pode verificar os dados relacionados com o desempenho e tend\u00eancias dos recalls. Os resultados fornecidos abaixo foram compilados a partir de informa\u00e7\u00f5es obtidas de organiza\u00e7\u00f5es confi\u00e1veis como o OECD (Internacional), Procon (Brasil), NHTSA (EUA), Safety Gate (EU), Japan Inspection Organization (Jap\u00e3o), Korea Transportation Safety Authority (Coreia do Sul), ACCP (Sudeste da \u00c1sia), Society ... Ler mais\" \/>\n<meta property=\"og:url\" content=\"https:\/\/recall-em-foco.com.br\/?page_id=38\" \/>\n<meta property=\"og:site_name\" content=\"Recall em Foco\" \/>\n<meta property=\"article:modified_time\" content=\"2024-01-29T20:06:40+00:00\" \/>\n<meta property=\"og:image\" content=\"http:\/\/recall-em-foco.com.br\/wp-content\/uploads\/2024\/01\/Recalls-PQGlobal-Veiculos-1.png\" \/>\n<meta name=\"twitter:card\" content=\"summary_large_image\" \/>\n<meta name=\"twitter:label1\" content=\"Est. tempo de leitura\" \/>\n\t<meta name=\"twitter:data1\" content=\"1 minuto\" \/>\n<script type=\"application\/ld+json\" class=\"yoast-schema-graph\">{\"@context\":\"https:\/\/schema.org\",\"@graph\":[{\"@type\":\"WebPage\",\"@id\":\"https:\/\/recall-em-foco.com.br\/?page_id=38\",\"url\":\"https:\/\/recall-em-foco.com.br\/?page_id=38\",\"name\":\"Recall em N\u00fameros - Recall em Foco\",\"isPartOf\":{\"@id\":\"https:\/\/recall-em-foco.com.br\/#website\"},\"primaryImageOfPage\":{\"@id\":\"https:\/\/recall-em-foco.com.br\/?page_id=38#primaryimage\"},\"image\":{\"@id\":\"https:\/\/recall-em-foco.com.br\/?page_id=38#primaryimage\"},\"thumbnailUrl\":\"http:\/\/recall-em-foco.com.br\/wp-content\/uploads\/2024\/01\/Recalls-PQGlobal-Veiculos-1.png\",\"datePublished\":\"2023-11-07T21:16:57+00:00\",\"dateModified\":\"2024-01-29T20:06:40+00:00\",\"breadcrumb\":{\"@id\":\"https:\/\/recall-em-foco.com.br\/?page_id=38#breadcrumb\"},\"inLanguage\":\"pt-BR\",\"potentialAction\":[{\"@type\":\"ReadAction\",\"target\":[\"https:\/\/recall-em-foco.com.br\/?page_id=38\"]}]},{\"@type\":\"ImageObject\",\"inLanguage\":\"pt-BR\",\"@id\":\"https:\/\/recall-em-foco.com.br\/?page_id=38#primaryimage\",\"url\":\"https:\/\/recall-em-foco.com.br\/wp-content\/uploads\/2024\/01\/Recalls-PQGlobal-Veiculos-1.png\",\"contentUrl\":\"https:\/\/recall-em-foco.com.br\/wp-content\/uploads\/2024\/01\/Recalls-PQGlobal-Veiculos-1.png\",\"width\":704,\"height\":524},{\"@type\":\"BreadcrumbList\",\"@id\":\"https:\/\/recall-em-foco.com.br\/?page_id=38#breadcrumb\",\"itemListElement\":[{\"@type\":\"ListItem\",\"position\":1,\"name\":\"In\u00edcio\",\"item\":\"https:\/\/recall-em-foco.com.br\/\"},{\"@type\":\"ListItem\",\"position\":2,\"name\":\"Recall em N\u00fameros\"}]},{\"@type\":\"WebSite\",\"@id\":\"https:\/\/recall-em-foco.com.br\/#website\",\"url\":\"https:\/\/recall-em-foco.com.br\/\",\"name\":\"Recall em Foco\",\"description\":\"O Blog do Recall\",\"publisher\":{\"@id\":\"https:\/\/recall-em-foco.com.br\/#organization\"},\"potentialAction\":[{\"@type\":\"SearchAction\",\"target\":{\"@type\":\"EntryPoint\",\"urlTemplate\":\"https:\/\/recall-em-foco.com.br\/?s={search_term_string}\"},\"query-input\":{\"@type\":\"PropertyValueSpecification\",\"valueRequired\":true,\"valueName\":\"search_term_string\"}}],\"inLanguage\":\"pt-BR\"},{\"@type\":\"Organization\",\"@id\":\"https:\/\/recall-em-foco.com.br\/#organization\",\"name\":\"Recall em Foco\",\"url\":\"https:\/\/recall-em-foco.com.br\/\",\"logo\":{\"@type\":\"ImageObject\",\"inLanguage\":\"pt-BR\",\"@id\":\"https:\/\/recall-em-foco.com.br\/#\/schema\/logo\/image\/\",\"url\":\"https:\/\/recall-em-foco.com.br\/wp-content\/uploads\/2023\/11\/cropped-cropped-logo-recallemfoco.webp\",\"contentUrl\":\"https:\/\/recall-em-foco.com.br\/wp-content\/uploads\/2023\/11\/cropped-cropped-logo-recallemfoco.webp\",\"width\":1935,\"height\":325,\"caption\":\"Recall em Foco\"},\"image\":{\"@id\":\"https:\/\/recall-em-foco.com.br\/#\/schema\/logo\/image\/\"}}]}<\/script>\n<!-- \/ Yoast SEO plugin. -->","yoast_head_json":{"title":"Recall em N\u00fameros - Recall em Foco","robots":{"index":"index","follow":"follow","max-snippet":"max-snippet:-1","max-image-preview":"max-image-preview:large","max-video-preview":"max-video-preview:-1"},"canonical":"https:\/\/recall-em-foco.com.br\/?page_id=38","og_locale":"pt_BR","og_type":"article","og_title":"Recall em N\u00fameros - Recall em Foco","og_description":"Aqui voc\u00ea pode verificar os dados relacionados com o desempenho e tend\u00eancias dos recalls. Os resultados fornecidos abaixo foram compilados a partir de informa\u00e7\u00f5es obtidas de organiza\u00e7\u00f5es confi\u00e1veis como o OECD (Internacional), Procon (Brasil), NHTSA (EUA), Safety Gate (EU), Japan Inspection Organization (Jap\u00e3o), Korea Transportation Safety Authority (Coreia do Sul), ACCP (Sudeste da \u00c1sia), Society ... Ler mais","og_url":"https:\/\/recall-em-foco.com.br\/?page_id=38","og_site_name":"Recall em Foco","article_modified_time":"2024-01-29T20:06:40+00:00","og_image":[{"url":"http:\/\/recall-em-foco.com.br\/wp-content\/uploads\/2024\/01\/Recalls-PQGlobal-Veiculos-1.png"}],"twitter_card":"summary_large_image","twitter_misc":{"Est. tempo de leitura":"1 minuto"},"schema":{"@context":"https:\/\/schema.org","@graph":[{"@type":"WebPage","@id":"https:\/\/recall-em-foco.com.br\/?page_id=38","url":"https:\/\/recall-em-foco.com.br\/?page_id=38","name":"Recall em N\u00fameros - Recall em Foco","isPartOf":{"@id":"https:\/\/recall-em-foco.com.br\/#website"},"primaryImageOfPage":{"@id":"https:\/\/recall-em-foco.com.br\/?page_id=38#primaryimage"},"image":{"@id":"https:\/\/recall-em-foco.com.br\/?page_id=38#primaryimage"},"thumbnailUrl":"http:\/\/recall-em-foco.com.br\/wp-content\/uploads\/2024\/01\/Recalls-PQGlobal-Veiculos-1.png","datePublished":"2023-11-07T21:16:57+00:00","dateModified":"2024-01-29T20:06:40+00:00","breadcrumb":{"@id":"https:\/\/recall-em-foco.com.br\/?page_id=38#breadcrumb"},"inLanguage":"pt-BR","potentialAction":[{"@type":"ReadAction","target":["https:\/\/recall-em-foco.com.br\/?page_id=38"]}]},{"@type":"ImageObject","inLanguage":"pt-BR","@id":"https:\/\/recall-em-foco.com.br\/?page_id=38#primaryimage","url":"https:\/\/recall-em-foco.com.br\/wp-content\/uploads\/2024\/01\/Recalls-PQGlobal-Veiculos-1.png","contentUrl":"https:\/\/recall-em-foco.com.br\/wp-content\/uploads\/2024\/01\/Recalls-PQGlobal-Veiculos-1.png","width":704,"height":524},{"@type":"BreadcrumbList","@id":"https:\/\/recall-em-foco.com.br\/?page_id=38#breadcrumb","itemListElement":[{"@type":"ListItem","position":1,"name":"In\u00edcio","item":"https:\/\/recall-em-foco.com.br\/"},{"@type":"ListItem","position":2,"name":"Recall em N\u00fameros"}]},{"@type":"WebSite","@id":"https:\/\/recall-em-foco.com.br\/#website","url":"https:\/\/recall-em-foco.com.br\/","name":"Recall em Foco","description":"O Blog do Recall","publisher":{"@id":"https:\/\/recall-em-foco.com.br\/#organization"},"potentialAction":[{"@type":"SearchAction","target":{"@type":"EntryPoint","urlTemplate":"https:\/\/recall-em-foco.com.br\/?s={search_term_string}"},"query-input":{"@type":"PropertyValueSpecification","valueRequired":true,"valueName":"search_term_string"}}],"inLanguage":"pt-BR"},{"@type":"Organization","@id":"https:\/\/recall-em-foco.com.br\/#organization","name":"Recall em Foco","url":"https:\/\/recall-em-foco.com.br\/","logo":{"@type":"ImageObject","inLanguage":"pt-BR","@id":"https:\/\/recall-em-foco.com.br\/#\/schema\/logo\/image\/","url":"https:\/\/recall-em-foco.com.br\/wp-content\/uploads\/2023\/11\/cropped-cropped-logo-recallemfoco.webp","contentUrl":"https:\/\/recall-em-foco.com.br\/wp-content\/uploads\/2023\/11\/cropped-cropped-logo-recallemfoco.webp","width":1935,"height":325,"caption":"Recall em Foco"},"image":{"@id":"https:\/\/recall-em-foco.com.br\/#\/schema\/logo\/image\/"}}]}},"_links":{"self":[{"href":"https:\/\/recall-em-foco.com.br\/index.php?rest_route=\/wp\/v2\/pages\/38"}],"collection":[{"href":"https:\/\/recall-em-foco.com.br\/index.php?rest_route=\/wp\/v2\/pages"}],"about":[{"href":"https:\/\/recall-em-foco.com.br\/index.php?rest_route=\/wp\/v2\/types\/page"}],"author":[{"embeddable":true,"href":"https:\/\/recall-em-foco.com.br\/index.php?rest_route=\/wp\/v2\/users\/1"}],"replies":[{"embeddable":true,"href":"https:\/\/recall-em-foco.com.br\/index.php?rest_route=%2Fwp%2Fv2%2Fcomments&post=38"}],"version-history":[{"count":65,"href":"https:\/\/recall-em-foco.com.br\/index.php?rest_route=\/wp\/v2\/pages\/38\/revisions"}],"predecessor-version":[{"id":403,"href":"https:\/\/recall-em-foco.com.br\/index.php?rest_route=\/wp\/v2\/pages\/38\/revisions\/403"}],"wp:attachment":[{"href":"https:\/\/recall-em-foco.com.br\/index.php?rest_route=%2Fwp%2Fv2%2Fmedia&parent=38"}],"curies":[{"name":"wp","href":"https:\/\/api.w.org\/{rel}","templated":true}]}}